{"id":11,"date":"2026-01-23T17:07:22","date_gmt":"2026-01-23T17:07:22","guid":{"rendered":"https:\/\/vantageclassics.com\/index.php\/services\/"},"modified":"2026-01-24T15:24:45","modified_gmt":"2026-01-24T15:24:45","slug":"services","status":"publish","type":"page","link":"https:\/\/vantageclassics.com\/pl\/services\/","title":{"rendered":"Us\u0142ugi"},"content":{"rendered":"<div data-elementor-type=\"wp-page\" data-elementor-id=\"11\" class=\"elementor elementor-11\" data-elementor-post-type=\"page\">\n\t\t\t\t<div class=\"elementor-element elementor-element-d176883 e-flex e-con-boxed e-con e-parent\" data-id=\"d176883\" data-element_type=\"container\" data-e-type=\"container\" data-settings=\"{&quot;background_background&quot;:&quot;classic&quot;}\">\n\t\t\t\t\t<div class=\"e-con-inner\">\n\t\t<div class=\"elementor-element elementor-element-31119a8 e-con-full e-flex e-con e-child\" data-id=\"31119a8\" data-element_type=\"container\" data-e-type=\"container\">\n\t\t<div class=\"elementor-element elementor-element-471ced4 e-con-full e-flex e-con e-child\" data-id=\"471ced4\" data-element_type=\"container\" data-e-type=\"container\">\n\t\t<div class=\"elementor-element elementor-element-9975f7d e-con-full e-flex e-con e-child\" data-id=\"9975f7d\" data-element_type=\"container\" data-e-type=\"container\">\n\t\t\t\t<div class=\"elementor-element elementor-element-5f4c1f0 elementor-widget elementor-widget-heading\" data-id=\"5f4c1f0\" data-element_type=\"widget\" data-e-type=\"widget\" data-widget_type=\"heading.default\">\n\t\t\t\t<div class=\"elementor-widget-container\">\n\t\t\t\t\t<h1 class=\"elementor-heading-title elementor-size-default\">PROTOK\u00d3\u0141 POZYSKANIA<\/h1>\t\t\t\t<\/div>\n\t\t\t\t<\/div>\n\t\t\t\t<\/div>\n\t\t\t\t<\/div>\n\t\t\t\t<div class=\"elementor-element elementor-element-6f19b4e elementor-widget elementor-widget-heading\" data-id=\"6f19b4e\" data-element_type=\"widget\" data-e-type=\"widget\" data-widget_type=\"heading.default\">\n\t\t\t\t<div class=\"elementor-widget-container\">\n\t\t\t\t\t<h3 class=\"elementor-heading-title elementor-size-default\">Europejskie dziedzictwo. Japo\u0144ska konserwacja.<\/h3>\t\t\t\t<\/div>\n\t\t\t\t<\/div>\n\t\t\t\t<\/div>\n\t\t\t\t\t<\/div>\n\t\t\t\t<\/div>\n\t\t<div class=\"elementor-element elementor-element-fddb1a3 e-flex e-con-boxed e-con e-parent\" data-id=\"fddb1a3\" data-element_type=\"container\" data-e-type=\"container\" data-settings=\"{&quot;background_background&quot;:&quot;classic&quot;}\">\n\t\t\t\t\t<div class=\"e-con-inner\">\n\t\t<div class=\"elementor-element elementor-element-46fa33b e-con-full e-flex e-con e-child\" data-id=\"46fa33b\" data-element_type=\"container\" data-e-type=\"container\">\n\t\t<div class=\"elementor-element elementor-element-7ad8cf8 e-con-full e-flex e-con e-child\" data-id=\"7ad8cf8\" data-element_type=\"container\" data-e-type=\"container\">\n\t\t<div class=\"elementor-element elementor-element-eafad7a e-con-full e-flex e-con e-child\" data-id=\"eafad7a\" data-element_type=\"container\" data-e-type=\"container\">\n\t\t\t\t<div class=\"elementor-element elementor-element-1c47db5 elementor-widget elementor-widget-heading\" data-id=\"1c47db5\" data-element_type=\"widget\" data-e-type=\"widget\" data-widget_type=\"heading.default\">\n\t\t\t\t<div class=\"elementor-widget-container\">\n\t\t\t\t\t<h2 class=\"elementor-heading-title elementor-size-default\"><p data-path-to-node=\"9\">Europejski rynek wt\u00f3rny jest ska\u017cony. Korozja solna, sfa\u0142szowane ksi\u0105\u017cki serwisowe i zm\u0119czenie materia\u0142u wynikaj\u0105ce z wysokich przebieg\u00f3w systematycznie niszcz\u0105 warto\u015b\u0107 klasycznych podwozi Mercedes-Benz, Porsche czy BMW.<\/p><p data-path-to-node=\"10\">Nie pozyskujemy aut z tego \u017ar\u00f3d\u0142a.<\/p><p data-path-to-node=\"11\">Vantage Classics wykorzystuje konkretny arbitra\u017c rynkowy: <b data-path-to-node=\"11\" data-index-in-node=\"56\">import europejskich pojazd\u00f3w z kierownic\u0105 po lewej stronie (LHD) z Japonii.<\/b><\/p><p data-path-to-node=\"12\">W Tokio posiadanie europejskiego klasyka to wyznacznik statusu, a nie \u015brodek transportu. Pojazdy te s\u0105 przechowywane w kontrolowanych warunkach i nie znaj\u0105 soli drogowej. Nie s\u0105 poddawane przeci\u0105\u017ceniom na autostradach, lecz s\u0142u\u017c\u0105 jako weekendowe eksponaty. Wynikiem tego jest 20-letnie podwozie zachowuj\u0105ce integralno\u015b\u0107 strukturaln\u0105 rocznego auta demonstracyjnego.<\/p><p data-path-to-node=\"13\">Nie jeste\u015bmy dealerem. Nie posiadamy w\u0142asnego stocku. Nie wyst\u0119puje u nas konflikt interes\u00f3w. Dzia\u0142amy wy\u0142\u0105cznie jako Tw\u00f3j broker, realizuj\u0105c precyzyjn\u0105 strategi\u0119 zakupu egzemplarzy o statusie inwestycyjnym (Grade 4.0\/4.5B+) w cenach hurtowych.<\/p><\/h2>\t\t\t\t<\/div>\n\t\t\t\t<\/div>\n\t\t\t\t<\/div>\n\t\t\t\t<\/div>\n\t\t<div class=\"elementor-element elementor-element-e871ed5 e-con-full e-flex e-con e-child\" data-id=\"e871ed5\" data-element_type=\"container\" data-e-type=\"container\">\n\t\t<div class=\"elementor-element elementor-element-6d1a8e9 e-con-full e-flex e-con e-child\" data-id=\"6d1a8e9\" data-element_type=\"container\" data-e-type=\"container\">\n\t\t\t\t<div class=\"elementor-element elementor-element-11bf53f elementor-widget-divider--view-line elementor-widget elementor-widget-divider\" data-id=\"11bf53f\" data-element_type=\"widget\" data-e-type=\"widget\" data-widget_type=\"divider.default\">\n\t\t\t\t<div class=\"elementor-widget-container\">\n\t\t\t\t\t\t\t<div class=\"elementor-divider\">\n\t\t\t<span class=\"elementor-divider-separator\">\n\t\t\t\t\t\t<\/span>\n\t\t<\/div>\n\t\t\t\t\t\t<\/div>\n\t\t\t\t<\/div>\n\t\t\t\t<div class=\"elementor-element elementor-element-a7144bc elementor-widget elementor-widget-hfe-infocard\" data-id=\"a7144bc\" data-element_type=\"widget\" data-e-type=\"widget\" data-widget_type=\"hfe-infocard.default\">\n\t\t\t\t<div class=\"elementor-widget-container\">\n\t\t\t\t\t\n\t\t<div class=\"hfe-infocard\">\n\t\t\t\t\t\t\t\t\t<div class=\"hfe-infocard-title-wrap\">\n\t\t\t\t<h3 class=\"hfe-infocard-title elementor-inline-editing\" data-elementor-setting-key=\"infocard_title\" data-elementor-inline-editing-toolbar=\"basic\" >MECHANIZM: AUKCJE USS I RYNEK JAPO\u0143SKI<\/h3>\t\t\t<\/div>\n\t\t\t\t\t\t<div class=\"hfe-infocard-text-wrap\">\n\t\t\t\t<div class=\"hfe-infocard-text elementor-inline-editing\" data-elementor-setting-key=\"infocard_description\" data-elementor-inline-editing-toolbar=\"advanced\">\n\t\t\t\t\t<p data-path-to-node=\"16\">Zapewniamy bezpo\u015bredni dost\u0119p do japo\u0144skiej sieci aukcji hurtowych (USS, TAA, JU). Hermetycznego systemu, przez kt\u00f3ry tygodniowo przechodzi ponad 150 000 pojazd\u00f3w. To nie jest publiczna gie\u0142da. To rygorystyczny pod wzgl\u0119dem ocen ekosystem.<\/p><p data-path-to-node=\"17\"><b data-path-to-node=\"17\" data-index-in-node=\"0\">Standardy Oceny (Grading Standard):<\/b><\/p><ul data-path-to-node=\"18\"><li><p data-path-to-node=\"18,0,0\"><b data-path-to-node=\"18,0,0\" data-index-in-node=\"0\">Ocena S\/6:<\/b> Stan fabryczny.<\/p><\/li><li><p data-path-to-node=\"18,1,0\"><b data-path-to-node=\"18,1,0\" data-index-in-node=\"0\">Ocena 5:<\/b> Jak nowy.<\/p><\/li><li><p data-path-to-node=\"18,2,0\"><b data-path-to-node=\"18,2,0\" data-index-in-node=\"0\">Ocena 4.5:<\/b> Stan wyj\u0105tkowy. Minimalne niedoskona\u0142o\u015bci niewidoczne dla laika.<\/p><\/li><li><p data-path-to-node=\"18,3,0\"><b data-path-to-node=\"18,3,0\" data-index-in-node=\"0\">Ocena wn\u0119trza B:<\/b> Zachowana oryginalna, matowa struktura sk\u00f3ry. Brak uszkodze\u0144 UV. Brak \u015blad\u00f3w tytoniu.<\/p><\/li><\/ul><p data-path-to-node=\"19\">Wi\u0119kszo\u015b\u0107 \u201eidealnych\u201d egzemplarzy oferowanych przez lokalnych dealer\u00f3w to auta z ocen\u0105 3.5 lub R (po naprawach), zakupione tanio i poddane maskowaniu estetycznemu z mar\u017c\u0105 si\u0119gaj\u0105c\u0105 40%.<\/p><p data-path-to-node=\"20\">My eliminujemy mar\u017c\u0119 po\u015brednika. Przejmujemy aktywa w cenie wylicytowanej na aukcji <b data-path-to-node=\"20\" data-index-in-node=\"51\">Hammer Price<\/b>.<\/p>\t\t\t\t<\/div>\n\t\t\t\t\t\t\t<\/div>\n\t\t<\/div>\n\n\t\t\t\t\t\t<\/div>\n\t\t\t\t<\/div>\n\t\t\t\t<\/div>\n\t\t\t\t<\/div>\n\t\t\t\t<\/div>\n\t\t\t\t\t<\/div>\n\t\t\t\t<\/div>\n\t\t<div class=\"elementor-element elementor-element-f851af9 e-flex e-con-boxed e-con e-parent\" data-id=\"f851af9\" data-element_type=\"container\" data-e-type=\"container\" data-settings=\"{&quot;background_background&quot;:&quot;classic&quot;}\">\n\t\t\t\t\t<div class=\"e-con-inner\">\n\t\t<div class=\"elementor-element elementor-element-5a6b367 e-con-full e-flex e-con e-child\" data-id=\"5a6b367\" data-element_type=\"container\" data-e-type=\"container\">\n\t\t<div class=\"elementor-element elementor-element-4cefb3d e-con-full e-flex e-con e-child\" data-id=\"4cefb3d\" data-element_type=\"container\" data-e-type=\"container\">\n\t\t<div class=\"elementor-element elementor-element-8ab7f73 e-con-full e-flex e-con e-child\" data-id=\"8ab7f73\" data-element_type=\"container\" data-e-type=\"container\">\n\t\t\t\t<div class=\"elementor-element elementor-element-517d212 elementor-widget elementor-widget-heading\" data-id=\"517d212\" data-element_type=\"widget\" data-e-type=\"widget\" data-widget_type=\"heading.default\">\n\t\t\t\t<div class=\"elementor-widget-container\">\n\t\t\t\t\t<h2 class=\"elementor-heading-title elementor-size-default\">ARCHITEKTURA US\u0141UGI<\/h2>\t\t\t\t<\/div>\n\t\t\t\t<\/div>\n\t\t\t\t<\/div>\n\t\t<div class=\"elementor-element elementor-element-59acd90 e-con-full e-flex e-con e-child\" data-id=\"59acd90\" data-element_type=\"container\" data-e-type=\"container\">\n\t\t\t\t<div class=\"elementor-element elementor-element-2383165 elementor-view-default elementor-widget elementor-widget-icon\" data-id=\"2383165\" data-element_type=\"widget\" data-e-type=\"widget\" data-widget_type=\"icon.default\">\n\t\t\t\t<div class=\"elementor-widget-container\">\n\t\t\t\t\t\t\t<div class=\"elementor-icon-wrapper\">\n\t\t\t<a class=\"elementor-icon\" href=\"#\">\n\t\t\t<i aria-hidden=\"true\" class=\"fas fa-long-arrow-alt-right\"><\/i>\t\t\t<\/a>\n\t\t<\/div>\n\t\t\t\t\t\t<\/div>\n\t\t\t\t<\/div>\n\t\t\t\t<\/div>\n\t\t\t\t<\/div>\n\t\t<div class=\"elementor-element elementor-element-4918991 e-con-full e-flex e-con e-child\" data-id=\"4918991\" data-element_type=\"container\" data-e-type=\"container\">\n\t\t\t\t<div class=\"elementor-element elementor-element-fc5d33b elementor-widget elementor-widget-text-editor\" data-id=\"fc5d33b\" data-element_type=\"widget\" data-e-type=\"widget\" data-widget_type=\"text-editor.default\">\n\t\t\t\t<div class=\"elementor-widget-container\">\n\t\t\t\t\t\t\t\t\t<h3 data-path-to-node=\"24\">Faza 1: Identyfikacja i Due Diligence<\/h3><p data-path-to-node=\"25\">Definiujesz cel (np. Mercedes W140 S600). My skanujemy codzienne zestawienia z ponad 100 dom\u00f3w aukcyjnych.<\/p><ul data-path-to-node=\"26\"><li><p data-path-to-node=\"26,0,0\"><b data-path-to-node=\"26,0,0\" data-index-in-node=\"0\">T\u0142umaczenie:<\/b> Dekodujemy raporty inspektor\u00f3w aukcyjnych (Auction Sheets).<\/p><\/li><li><p data-path-to-node=\"26,1,0\"><b data-path-to-node=\"26,1,0\" data-index-in-node=\"0\">Rygorystyczna ocena:<\/b> Identyfikujemy krytyczne ostrze\u017cenia: \u201eW3\u201d (\u015blady napraw), \u201eXX\u201d (wymienione elementy), \u201eOdometer Discrepancy\u201d (niezgodno\u015b\u0107 przebiegu).<\/p><\/li><li><p data-path-to-node=\"26,2,0\"><b data-path-to-node=\"26,2,0\" data-index-in-node=\"0\">FIzyczna weryfikacja:<\/b> Je\u015bli karta oka\u017ce si\u0119 pozytywna, wysy\u0142amy  inspektor\u00f3w by osobi\u015bcie zweryfikowali stan silnika, podwozia i wyposa\u017cenia.<\/p><\/li><\/ul><h3 data-path-to-node=\"27\">Faza 2: Wycena i Licytacja<\/h3><p data-path-to-node=\"28\">Analizujemy dane historyczne z ostatnich 3 miesi\u0119cy, aby okre\u015bli\u0107 realn\u0105 warto\u015b\u0107 rynkow\u0105. Wsp\u00f3lnie ustalamy nieprzekraczalny limit licytacji (Max Bid).<\/p><ul data-path-to-node=\"29\"><li><p data-path-to-node=\"29,0,0\"><b data-path-to-node=\"29,0,0\" data-index-in-node=\"0\">Dyscyplina:<\/b> Nie ulegamy emocjom aukcyjnym. Je\u015bli cena przekroczy warto\u015b\u0107 aktywa, wycofujemy si\u0119 z licytacji.<\/p><\/li><li><p data-path-to-node=\"29,1,0\"><b data-path-to-node=\"29,1,0\" data-index-in-node=\"0\">Egzekucja:<\/b> Licytujemy elektronicznie w czasie rzeczywistym bezpo\u015brednio w japo\u0144skich systemach.<\/p><\/li><\/ul><div>\u00a0<\/div><h3 data-path-to-node=\"30\">Faza 3: Logistyka i Zgodno\u015b\u0107<\/h3><p data-path-to-node=\"31\">Po wygranej aukcji uruchamiamy protok\u00f3\u0142 eksportowy.<\/p><ul data-path-to-node=\"32\"><li><p data-path-to-node=\"32,0,0\"><b data-path-to-node=\"32,0,0\" data-index-in-node=\"0\">Transport wewn\u0119trzny:<\/b> Przew\u00f3z auta z domu aukcyjnego do japo\u0144skiego portu.<\/p><\/li><li><p data-path-to-node=\"32,1,0\"><b data-path-to-node=\"32,1,0\" data-index-in-node=\"0\">Wyrejestrowanie:<\/b> Obs\u0142uga certyfikatu eksportowego (Export Certificate), kt\u00f3ry jest urz\u0119dow\u0105 gwarancj\u0105 przebiegu.<\/p><\/li><li><p data-path-to-node=\"32,2,0\"><b data-path-to-node=\"32,2,0\" data-index-in-node=\"0\">Spedycja:<\/b> Transport morski Ro-Ro lub kontenerowy do wybranego portu (np. Bremerhaven dla optymalizacji podatkowej w UE).<\/p><\/li><li><p data-path-to-node=\"32,3,0\"><b data-path-to-node=\"32,3,0\" data-index-in-node=\"0\">C\u0142o i Podatki:<\/b> Zarz\u0105dzanie procedurami celnymi i optymalizacja fiskalna.<\/p><\/li><\/ul>\t\t\t\t\t\t\t\t<\/div>\n\t\t\t\t<\/div>\n\t\t\t\t<\/div>\n\t\t\t\t<\/div>\n\t\t\t\t\t<\/div>\n\t\t\t\t<\/div>\n\t\t<div class=\"elementor-element elementor-element-2c78783 e-flex e-con-boxed e-con e-parent\" data-id=\"2c78783\" data-element_type=\"container\" data-e-type=\"container\" data-settings=\"{&quot;background_background&quot;:&quot;classic&quot;}\">\n\t\t\t\t\t<div class=\"e-con-inner\">\n\t\t<div class=\"elementor-element elementor-element-638fe3f e-con-full e-flex e-con e-child\" data-id=\"638fe3f\" data-element_type=\"container\" data-e-type=\"container\">\n\t\t<div class=\"elementor-element elementor-element-48459e0 e-con-full e-flex e-con e-child\" data-id=\"48459e0\" data-element_type=\"container\" data-e-type=\"container\">\n\t\t<div class=\"elementor-element elementor-element-3c1e962 e-con-full e-flex e-con e-child\" data-id=\"3c1e962\" data-element_type=\"container\" data-e-type=\"container\">\n\t\t\t\t<div class=\"elementor-element elementor-element-5e437c5 elementor-widget elementor-widget-heading\" data-id=\"5e437c5\" data-element_type=\"widget\" data-e-type=\"widget\" data-widget_type=\"heading.default\">\n\t\t\t\t<div class=\"elementor-widget-container\">\n\t\t\t\t\t<h2 class=\"elementor-heading-title elementor-size-default\">TRANSPARENTNO\u015a\u0106 FINANSOWA<\/h2>\t\t\t\t<\/div>\n\t\t\t\t<\/div>\n\t\t\t\t<div class=\"elementor-element elementor-element-6074540 elementor-widget elementor-widget-heading\" data-id=\"6074540\" data-element_type=\"widget\" data-e-type=\"widget\" data-widget_type=\"heading.default\">\n\t\t\t\t<div class=\"elementor-widget-container\">\n\t\t\t\t\t<h3 class=\"elementor-heading-title elementor-size-default\"><p data-path-to-node=\"35\">Tradycyjny model dealerski opiera si\u0119 na asymetrii informacji. My opieramy si\u0119 na otwartych ksi\u0119gach.<\/p><p data-path-to-node=\"36\"><b data-path-to-node=\"36\" data-index-in-node=\"0\">Struktura Koszt\u00f3w:<\/b><\/p><ol start=\"1\" data-path-to-node=\"37\"><li><p data-path-to-node=\"37,0,0\"><b data-path-to-node=\"37,0,0\" data-index-in-node=\"0\">Hammer Price:<\/b> Faktyczna kwota wygranej licytacji, kt\u00f3r\u0105 przekazujesz bezpo\u015brednio do domu aukcyjnego w Japonii.<\/p><\/li><li><p data-path-to-node=\"37,1,0\"><b data-path-to-node=\"37,1,0\" data-index-in-node=\"0\">Op\u0142aty Aukcyjne:<\/b> Standardowe prowizje domu aukcyjnego (ok. 20 000 JPY).<\/p><\/li><li><p data-path-to-node=\"37,2,0\"><b data-path-to-node=\"37,2,0\" data-index-in-node=\"0\">Transport Wewn\u0119trzny:<\/b> Koszt transportu.<\/p><\/li><li><p data-path-to-node=\"37,3,0\"><b data-path-to-node=\"37,3,0\" data-index-in-node=\"0\">Fracht Morski:<\/b> Koszt transportu.<\/p><\/li><li><p data-path-to-node=\"37,4,0\"><b data-path-to-node=\"37,4,0\" data-index-in-node=\"0\">Op\u0142ata Serwisowa Vantage:<\/b> Sta\u0142a, prowizja brokerska za nasz\u0105 ekspertyz\u0119 i obs\u0142ug\u0119 procesu.<\/p><\/li><\/ol><p data-path-to-node=\"38\">Otrzymujesz oryginalne faktury. P\u0142acisz rzeczywisty koszt zakupu auta u \u017ar\u00f3d\u0142a. Nam p\u0142acisz za wiedz\u0119, dost\u0119p do zamkni\u0119tego rynku i eliminacj\u0119 ryzyka zakupu pojazdu o w\u0105tpliwej historii.<\/p><p data-path-to-node=\"39\"><b data-path-to-node=\"39\" data-index-in-node=\"0\">Przesta\u0144 kupowa\u0107 chrupki. Zacznij pozyskiwa\u0107 aktywa.<\/b><\/p><\/h3>\t\t\t\t<\/div>\n\t\t\t\t<\/div>\n\t\t\t\t<\/div>\n\t\t\t\t<\/div>\n\t\t<div class=\"elementor-element elementor-element-234d283 e-con-full e-flex e-con e-child\" data-id=\"234d283\" data-element_type=\"container\" data-e-type=\"container\">\n\t\t<div class=\"elementor-element elementor-element-597f823 e-con-full e-flex e-con e-child\" data-id=\"597f823\" data-element_type=\"container\" data-e-type=\"container\">\n\t\t\t\t<div class=\"elementor-element elementor-element-8fd3a7e elementor-mobile-align-center elementor-widget elementor-widget-button\" data-id=\"8fd3a7e\" data-element_type=\"widget\" data-e-type=\"widget\" data-widget_type=\"button.default\">\n\t\t\t\t<div class=\"elementor-widget-container\">\n\t\t\t\t\t\t\t\t\t<div class=\"elementor-button-wrapper\">\n\t\t\t\t\t<a class=\"elementor-button elementor-button-link elementor-size-sm\" href=\"https:\/\/wa.me\/48455526897\">\n\t\t\t\t\t\t<span class=\"elementor-button-content-wrapper\">\n\t\t\t\t\t\t\t\t\t<span class=\"elementor-button-text\">whatsapp<\/span>\n\t\t\t\t\t<\/span>\n\t\t\t\t\t<\/a>\n\t\t\t\t<\/div>\n\t\t\t\t\t\t\t\t<\/div>\n\t\t\t\t<\/div>\n\t\t\t\t<\/div>\n\t\t<div class=\"elementor-element elementor-element-14ae7f8 e-con-full e-flex e-con e-child\" data-id=\"14ae7f8\" data-element_type=\"container\" data-e-type=\"container\">\n\t\t\t\t<div class=\"elementor-element elementor-element-efdb6ee elementor-widget elementor-widget-heading\" data-id=\"efdb6ee\" data-element_type=\"widget\" data-e-type=\"widget\" data-widget_type=\"heading.default\">\n\t\t\t\t<div class=\"elementor-widget-container\">\n\t\t\t\t\t<h6 class=\"elementor-heading-title elementor-size-default\">Lub zadzwo\u0144:<\/h6>\t\t\t\t<\/div>\n\t\t\t\t<\/div>\n\t\t\t\t<div class=\"elementor-element elementor-element-eb3b702 elementor-widget elementor-widget-heading\" data-id=\"eb3b702\" data-element_type=\"widget\" data-e-type=\"widget\" data-widget_type=\"heading.default\">\n\t\t\t\t<div class=\"elementor-widget-container\">\n\t\t\t\t\t<h3 class=\"elementor-heading-title elementor-size-default\">+48 455 526 897<\/h3>\t\t\t\t<\/div>\n\t\t\t\t<\/div>\n\t\t\t\t<\/div>\n\t\t\t\t<\/div>\n\t\t\t\t<\/div>\n\t\t\t\t\t<\/div>\n\t\t\t\t<\/div>\n\t\t\t\t<\/div>","protected":false},"excerpt":{"rendered":"<p>THE ACQUISITION PROTOCOL European Heritage. Japanese Preservation. The European secondary market is compromised. Salt corrosion, falsified maintenance records, and high-mileage fatigue degrade the asset value of classic Mercedes-Benz, Porsche, and BMW chassis. We do not source from this pool. Vantage Classics leverages a specific market arbitrage: Left-Hand Drive (LHD) European vehicles imported from Japan. In [&hellip;]<\/p>\n","protected":false},"author":1,"featured_media":0,"parent":0,"menu_order":0,"comment_status":"closed","ping_status":"closed","template":"","meta":{"_uag_custom_page_level_css":"","site-sidebar-layout":"no-sidebar","site-content-layout":"page-builder","ast-site-content-layout":"default","site-content-style":"default","site-sidebar-style":"default","ast-global-header-display":"","ast-banner-title-visibility":"","ast-main-header-display":"","ast-hfb-above-header-display":"","ast-hfb-below-header-display":"","ast-hfb-mobile-header-display":"","site-post-title":"disabled","ast-breadcrumbs-content":"disabled","ast-featured-img":"disabled","footer-sml-layout":"","ast-disable-related-posts":"","theme-transparent-header-meta":"enabled","adv-header-id-meta":"","stick-header-meta":"","header-above-stick-meta":"","header-main-stick-meta":"","header-below-stick-meta":"","astra-migrate-meta-layouts":"default","ast-page-background-enabled":"default","ast-page-background-meta":{"desktop":{"background-color":"","background-image":"","background-repeat":"repeat","background-position":"center center","background-size":"auto","background-attachment":"scroll","background-type":"","background-media":"","overlay-type":"","overlay-color":"","overlay-opacity":"","overlay-gradient":""},"tablet":{"background-color":"","background-image":"","background-repeat":"repeat","background-position":"center center","background-size":"auto","background-attachment":"scroll","background-type":"","background-media":"","overlay-type":"","overlay-color":"","overlay-opacity":"","overlay-gradient":""},"mobile":{"background-color":"","background-image":"","background-repeat":"repeat","background-position":"center center","background-size":"auto","background-attachment":"scroll","background-type":"","background-media":"","overlay-type":"","overlay-color":"","overlay-opacity":"","overlay-gradient":""}},"ast-content-background-meta":{"desktop":{"background-color":"var(--ast-global-color-5)","background-image":"","background-repeat":"repeat","background-position":"center center","background-size":"auto","background-attachment":"scroll","background-type":"","background-media":"","overlay-type":"","overlay-color":"","overlay-opacity":"","overlay-gradient":""},"tablet":{"background-color":"var(--ast-global-color-5)","background-image":"","background-repeat":"repeat","background-position":"center center","background-size":"auto","background-attachment":"scroll","background-type":"","background-media":"","overlay-type":"","overlay-color":"","overlay-opacity":"","overlay-gradient":""},"mobile":{"background-color":"var(--ast-global-color-5)","background-image":"","background-repeat":"repeat","background-position":"center center","background-size":"auto","background-attachment":"scroll","background-type":"","background-media":"","overlay-type":"","overlay-color":"","overlay-opacity":"","overlay-gradient":""}},"footnotes":""},"class_list":["post-11","page","type-page","status-publish","hentry"],"uagb_featured_image_src":{"full":false,"thumbnail":false,"medium":false,"medium_large":false,"large":false,"1536x1536":false,"2048x2048":false,"trp-custom-language-flag":false},"uagb_author_info":{"display_name":"admin3623","author_link":"https:\/\/vantageclassics.com\/pl\/author\/admin3623\/"},"uagb_comment_info":0,"uagb_excerpt":"THE ACQUISITION PROTOCOL European Heritage. Japanese Preservation. The European secondary market is compromised. Salt corrosion, falsified maintenance records, and high-mileage fatigue degrade the asset value of classic Mercedes-Benz, Porsche, and BMW chassis. We do not source from this pool. Vantage Classics leverages a specific market arbitrage: Left-Hand Drive (LHD) European vehicles imported from Japan. In&hellip;","_links":{"self":[{"href":"https:\/\/vantageclassics.com\/pl\/wp-json\/wp\/v2\/pages\/11","targetHints":{"allow":["GET"]}}],"collection":[{"href":"https:\/\/vantageclassics.com\/pl\/wp-json\/wp\/v2\/pages"}],"about":[{"href":"https:\/\/vantageclassics.com\/pl\/wp-json\/wp\/v2\/types\/page"}],"author":[{"embeddable":true,"href":"https:\/\/vantageclassics.com\/pl\/wp-json\/wp\/v2\/users\/1"}],"replies":[{"embeddable":true,"href":"https:\/\/vantageclassics.com\/pl\/wp-json\/wp\/v2\/comments?post=11"}],"version-history":[{"count":29,"href":"https:\/\/vantageclassics.com\/pl\/wp-json\/wp\/v2\/pages\/11\/revisions"}],"predecessor-version":[{"id":1201,"href":"https:\/\/vantageclassics.com\/pl\/wp-json\/wp\/v2\/pages\/11\/revisions\/1201"}],"wp:attachment":[{"href":"https:\/\/vantageclassics.com\/pl\/wp-json\/wp\/v2\/media?parent=11"}],"curies":[{"name":"wp","href":"https:\/\/api.w.org\/{rel}","templated":true}]}}