{"id":574,"date":"2026-01-23T17:07:22","date_gmt":"2026-01-23T17:07:22","guid":{"rendered":"https:\/\/vantageclassics.com\/index.php\/about-us\/"},"modified":"2026-01-24T15:23:41","modified_gmt":"2026-01-24T15:23:41","slug":"about-us","status":"publish","type":"page","link":"https:\/\/vantageclassics.com\/pl\/about-us\/","title":{"rendered":"O nas"},"content":{"rendered":"<div data-elementor-type=\"wp-page\" data-elementor-id=\"574\" class=\"elementor elementor-574\" data-elementor-post-type=\"page\">\n\t\t\t\t<div class=\"elementor-element elementor-element-cfd4cfe e-flex e-con-boxed e-con e-parent\" data-id=\"cfd4cfe\" data-element_type=\"container\" data-e-type=\"container\" data-settings=\"{&quot;background_background&quot;:&quot;classic&quot;}\">\n\t\t\t\t\t<div class=\"e-con-inner\">\n\t\t<div class=\"elementor-element elementor-element-4594d91 e-con-full e-flex e-con e-child\" data-id=\"4594d91\" data-element_type=\"container\" data-e-type=\"container\">\n\t\t<div class=\"elementor-element elementor-element-ebc0b8c e-con-full e-flex e-con e-child\" data-id=\"ebc0b8c\" data-element_type=\"container\" data-e-type=\"container\">\n\t\t<div class=\"elementor-element elementor-element-b672023 e-con-full e-flex e-con e-child\" data-id=\"b672023\" data-element_type=\"container\" data-e-type=\"container\">\n\t\t\t\t<div class=\"elementor-element elementor-element-742d4a5 elementor-widget elementor-widget-heading\" data-id=\"742d4a5\" data-element_type=\"widget\" data-e-type=\"widget\" data-widget_type=\"heading.default\">\n\t\t\t\t<div class=\"elementor-widget-container\">\n\t\t\t\t\t<h1 class=\"elementor-heading-title elementor-size-default\">O VANTAGE CLASSICS<\/h1>\t\t\t\t<\/div>\n\t\t\t\t<\/div>\n\t\t\t\t<\/div>\n\t\t\t\t<\/div>\n\t\t\t\t<\/div>\n\t\t\t\t\t<\/div>\n\t\t\t\t<\/div>\n\t\t<div class=\"elementor-element elementor-element-7bedb9c e-flex e-con-boxed e-con e-parent\" data-id=\"7bedb9c\" data-element_type=\"container\" data-e-type=\"container\" data-settings=\"{&quot;background_background&quot;:&quot;classic&quot;}\">\n\t\t\t\t\t<div class=\"e-con-inner\">\n\t\t<div class=\"elementor-element elementor-element-428a473 e-con-full e-flex e-con e-child\" data-id=\"428a473\" data-element_type=\"container\" data-e-type=\"container\">\n\t\t<div class=\"elementor-element elementor-element-a6cc493 e-con-full e-flex e-con e-child\" data-id=\"a6cc493\" data-element_type=\"container\" data-e-type=\"container\">\n\t\t<div class=\"elementor-element elementor-element-51a7db6 e-con-full e-flex e-con e-child\" data-id=\"51a7db6\" data-element_type=\"container\" data-e-type=\"container\">\n\t\t\t\t<div class=\"elementor-element elementor-element-197123d elementor-widget elementor-widget-heading\" data-id=\"197123d\" data-element_type=\"widget\" data-e-type=\"widget\" data-widget_type=\"heading.default\">\n\t\t\t\t<div class=\"elementor-widget-container\">\n\t\t\t\t\t<h6 class=\"elementor-heading-title elementor-size-default\">FILOZOFIA OPERACYJNA<\/h6>\t\t\t\t<\/div>\n\t\t\t\t<\/div>\n\t\t\t\t<div class=\"elementor-element elementor-element-aa0fcca elementor-widget elementor-widget-text-editor\" data-id=\"aa0fcca\" data-element_type=\"widget\" data-e-type=\"widget\" data-widget_type=\"text-editor.default\">\n\t\t\t\t<div class=\"elementor-widget-container\">\n\t\t\t\t\t\t\t\t\t<p data-path-to-node=\"2\">Globalny rynek motoryzacyjny jest nasycony aktywami o spadaj\u0105cej warto\u015bci. W Europie s\u00f3l drogowa, wilgo\u0107 oraz zaniedbania serwisowe niszcz\u0105 kapita\u0142 szybciej ni\u017c inflacja. Rynek samochod\u00f3w klasycznych to w du\u017cej mierze sk\u0142adowisko egzemplarzy z ukryt\u0105 korozj\u0105 i zmanipulowan\u0105 histori\u0105 przebiegu.<\/p><p data-path-to-node=\"3\">Zidentyfikowali\u015bmy jedn\u0105 anomali\u0119: <b data-path-to-node=\"3\" data-index-in-node=\"32\">Japoni\u0119.<\/b><\/p><p data-path-to-node=\"4\">To skarbiec motoryzacyjnej konserwacji. Dzi\u0119ki rygorystycznym przegl\u0105dom <i data-path-to-node=\"4\" data-index-in-node=\"65\">Shaken<\/i> doskona\u0142ej infrastrukturze drogowej oraz kulturowemu szacunkowi do in\u017cynierii, europejskie pojazdy w Japonii znajduj\u0105 si\u0119 w stanie niemal nienaruszonym przez czas.<\/p>\t\t\t\t\t\t\t\t<\/div>\n\t\t\t\t<\/div>\n\t\t\t\t<\/div>\n\t\t<div class=\"elementor-element elementor-element-b978c66 e-con-full e-flex e-con e-child\" data-id=\"b978c66\" data-element_type=\"container\" data-e-type=\"container\">\n\t\t\t\t<div class=\"elementor-element elementor-element-93499a1 elementor-widget elementor-widget-image\" data-id=\"93499a1\" data-element_type=\"widget\" data-e-type=\"widget\" data-widget_type=\"image.default\">\n\t\t\t\t<div class=\"elementor-widget-container\">\n\t\t\t\t\t\t\t\t\t\t\t\t\t\t\t<img fetchpriority=\"high\" decoding=\"async\" width=\"1440\" height=\"1920\" src=\"https:\/\/vantageclassics.com\/wp-content\/uploads\/2026\/01\/haotian-zheng-UQOfM6stLCU-unsplash-scaled.webp\" class=\"attachment-full size-full wp-image-1119\" alt=\"Mountain Fuji and Nissan GTR\" srcset=\"https:\/\/vantageclassics.com\/wp-content\/uploads\/2026\/01\/haotian-zheng-UQOfM6stLCU-unsplash-scaled.webp 1440w, https:\/\/vantageclassics.com\/wp-content\/uploads\/2026\/01\/haotian-zheng-UQOfM6stLCU-unsplash-225x300.webp 225w, https:\/\/vantageclassics.com\/wp-content\/uploads\/2026\/01\/haotian-zheng-UQOfM6stLCU-unsplash-768x1024.webp 768w, https:\/\/vantageclassics.com\/wp-content\/uploads\/2026\/01\/haotian-zheng-UQOfM6stLCU-unsplash-1152x1536.webp 1152w\" sizes=\"(max-width: 1440px) 100vw, 1440px\" title=\"O nas\">\t\t\t\t\t\t\t\t\t\t\t\t\t\t\t<\/div>\n\t\t\t\t<\/div>\n\t\t\t\t<\/div>\n\t\t\t\t<\/div>\n\t\t\t\t<\/div>\n\t\t\t\t\t<\/div>\n\t\t\t\t<\/div>\n\t\t<div class=\"elementor-element elementor-element-4743a22 e-flex e-con-boxed e-con e-parent\" data-id=\"4743a22\" data-element_type=\"container\" data-e-type=\"container\">\n\t\t\t\t\t<div class=\"e-con-inner\">\n\t\t<div class=\"elementor-element elementor-element-49e844b e-con-full e-flex e-con e-child\" data-id=\"49e844b\" data-element_type=\"container\" data-e-type=\"container\">\n\t\t\t\t<div class=\"elementor-element elementor-element-51f57cb elementor-widget elementor-widget-image\" data-id=\"51f57cb\" data-element_type=\"widget\" data-e-type=\"widget\" data-widget_type=\"image.default\">\n\t\t\t\t<div class=\"elementor-widget-container\">\n\t\t\t\t\t\t\t\t\t\t\t\t\t\t\t<img decoding=\"async\" width=\"1280\" height=\"1920\" src=\"https:\/\/vantageclassics.com\/wp-content\/uploads\/2026\/01\/michael-mason-Oug-1Ujn3Bg-unsplash-1-scaled.webp\" class=\"attachment-full size-full wp-image-1121\" alt=\"michael mason oug 1ujn3bg unsplash (1)\" srcset=\"https:\/\/vantageclassics.com\/wp-content\/uploads\/2026\/01\/michael-mason-Oug-1Ujn3Bg-unsplash-1-scaled.webp 1280w, https:\/\/vantageclassics.com\/wp-content\/uploads\/2026\/01\/michael-mason-Oug-1Ujn3Bg-unsplash-1-200x300.webp 200w, https:\/\/vantageclassics.com\/wp-content\/uploads\/2026\/01\/michael-mason-Oug-1Ujn3Bg-unsplash-1-683x1024.webp 683w, https:\/\/vantageclassics.com\/wp-content\/uploads\/2026\/01\/michael-mason-Oug-1Ujn3Bg-unsplash-1-768x1152.webp 768w, https:\/\/vantageclassics.com\/wp-content\/uploads\/2026\/01\/michael-mason-Oug-1Ujn3Bg-unsplash-1-1024x1536.webp 1024w\" sizes=\"(max-width: 1280px) 100vw, 1280px\" title=\"O nas\">\t\t\t\t\t\t\t\t\t\t\t\t\t\t\t<\/div>\n\t\t\t\t<\/div>\n\t\t\t\t<\/div>\n\t\t<div class=\"elementor-element elementor-element-88379d2 e-con-full e-flex e-con e-child\" data-id=\"88379d2\" data-element_type=\"container\" data-e-type=\"container\">\n\t\t<div class=\"elementor-element elementor-element-39871dc e-con-full e-flex e-con e-child\" data-id=\"39871dc\" data-element_type=\"container\" data-e-type=\"container\">\n\t\t<div class=\"elementor-element elementor-element-7b2c0f9 e-con-full e-flex e-con e-child\" data-id=\"7b2c0f9\" data-element_type=\"container\" data-e-type=\"container\">\n\t\t\t\t<div class=\"elementor-element elementor-element-9685b33 elementor-widget elementor-widget-heading\" data-id=\"9685b33\" data-element_type=\"widget\" data-e-type=\"widget\" data-widget_type=\"heading.default\">\n\t\t\t\t<div class=\"elementor-widget-container\">\n\t\t\t\t\t<h2 class=\"elementor-heading-title elementor-size-default\"><p data-path-to-node=\"6\">NASZA ROLA<span style=\", serif;font-size: 3.33333rem;font-style: inherit;font-weight: 700;white-space: pre-wrap;text-align: start;float: none\"><\/span><\/p><\/h2>\t\t\t\t<\/div>\n\t\t\t\t<\/div>\n\t\t\t\t<div class=\"elementor-element elementor-element-63463d0 elementor-widget elementor-widget-text-editor\" data-id=\"63463d0\" data-element_type=\"widget\" data-e-type=\"widget\" data-widget_type=\"text-editor.default\">\n\t\t\t\t<div class=\"elementor-widget-container\">\n\t\t\t\t\t\t\t\t\t<p data-path-to-node=\"6\">Vantage Classics stanowi pomost mi\u0119dzy tym hermetycznym rynkiem a \u015bwiadomym inwestorem.<\/p>\n<p data-path-to-node=\"7\">Nie jeste\u015bmy tylko pasjonatami, jeste\u015bmy audytorami. Nie kupujemy opowie\u015bci lecz kupujemy pojazdy o udokumentowanej ocenie aukcyjnej 4.0\/4.5B+. Nasz\u0105 funkcj\u0105 jest przeprowadzenie transgranicznego zakupu z chirurgiczn\u0105 precyzj\u0105, eliminuj\u0105c bariery j\u0119zykowe, walutowe oraz logistyczne.<\/p>\n<p data-path-to-node=\"8\">\n<\/p>\t\t\t\t\t\t\t\t<\/div>\n\t\t\t\t<\/div>\n\t\t\t\t<\/div>\n\t\t\t\t<\/div>\n\t\t\t\t<\/div>\n\t\t\t\t\t<\/div>\n\t\t\t\t<\/div>\n\t\t<div class=\"elementor-element elementor-element-4b825df e-flex e-con-boxed e-con e-parent\" data-id=\"4b825df\" data-element_type=\"container\" data-e-type=\"container\" data-settings=\"{&quot;background_background&quot;:&quot;classic&quot;}\">\n\t\t\t\t\t<div class=\"e-con-inner\">\n\t\t<div class=\"elementor-element elementor-element-b8dbd35 e-con-full e-flex e-con e-child\" data-id=\"b8dbd35\" data-element_type=\"container\" data-e-type=\"container\">\n\t\t<div class=\"elementor-element elementor-element-6a4b933 e-con-full e-flex e-con e-child\" data-id=\"6a4b933\" data-element_type=\"container\" data-e-type=\"container\">\n\t\t<div class=\"elementor-element elementor-element-f9439a5 e-con-full e-flex e-con e-child\" data-id=\"f9439a5\" data-element_type=\"container\" data-e-type=\"container\">\n\t\t\t\t<div class=\"elementor-element elementor-element-1e6f131 elementor-widget elementor-widget-heading\" data-id=\"1e6f131\" data-element_type=\"widget\" data-e-type=\"widget\" data-widget_type=\"heading.default\">\n\t\t\t\t<div class=\"elementor-widget-container\">\n\t\t\t\t\t<h2 class=\"elementor-heading-title elementor-size-default\">STANDARD<\/h2>\t\t\t\t<\/div>\n\t\t\t\t<\/div>\n\t\t\t\t<div class=\"elementor-element elementor-element-7fd38f3 elementor-widget elementor-widget-heading\" data-id=\"7fd38f3\" data-element_type=\"widget\" data-e-type=\"widget\" data-widget_type=\"heading.default\">\n\t\t\t\t<div class=\"elementor-widget-container\">\n\t\t\t\t\t<h3 class=\"elementor-heading-title elementor-size-default\"><p data-path-to-node=\"9\">Odrzucamy 98% dost\u0119pnego asortymentu. Je\u015bli podwozie wykazuje oznaki korozji strukturalnej, wycieki p\u0142yn\u00f3w lub niesp\u00f3jn\u0105 histori\u0119, pojazd jest natychmiast odrzucany. Obs\u0142ugujemy okre\u015blon\u0105 grup\u0119 klient\u00f3w, kt\u00f3rzy rozumiej\u0105, \u017ce cena zakupu nie ma znaczenia, je\u015bli kondycja aktywa jest w\u0105tpliwa.<\/p><p data-path-to-node=\"10\">Zapewniamy dost\u0119p do najlepszych zasob\u00f3w motoryzacyjnych na \u015bwiecie. Nic ponadto.<span style=\"font-size: 1.93333rem;font-style: inherit\"><\/span><\/p><\/h3>\t\t\t\t<\/div>\n\t\t\t\t<\/div>\n\t\t\t\t<\/div>\n\t\t\t\t<\/div>\n\t\t<div class=\"elementor-element elementor-element-a197418 e-flex e-con-boxed e-con e-child\" data-id=\"a197418\" data-element_type=\"container\" data-e-type=\"container\">\n\t\t\t\t\t<div class=\"e-con-inner\">\n\t\t<div class=\"elementor-element elementor-element-2bd23fe e-con-full e-flex e-con e-child\" data-id=\"2bd23fe\" data-element_type=\"container\" data-e-type=\"container\">\n\t\t\t\t<div class=\"elementor-element elementor-element-2a3d1f4 elementor-mobile-align-center elementor-widget elementor-widget-button\" data-id=\"2a3d1f4\" data-element_type=\"widget\" data-e-type=\"widget\" data-widget_type=\"button.default\">\n\t\t\t\t<div class=\"elementor-widget-container\">\n\t\t\t\t\t\t\t\t\t<div class=\"elementor-button-wrapper\">\n\t\t\t\t\t<a class=\"elementor-button elementor-button-link elementor-size-sm\" href=\"https:\/\/wa.me\/48455526897\">\n\t\t\t\t\t\t<span class=\"elementor-button-content-wrapper\">\n\t\t\t\t\t\t\t\t\t<span class=\"elementor-button-text\">Whatsapp<\/span>\n\t\t\t\t\t<\/span>\n\t\t\t\t\t<\/a>\n\t\t\t\t<\/div>\n\t\t\t\t\t\t\t\t<\/div>\n\t\t\t\t<\/div>\n\t\t\t\t<\/div>\n\t\t<div class=\"elementor-element elementor-element-2f6b6c5 e-con-full e-flex e-con e-child\" data-id=\"2f6b6c5\" data-element_type=\"container\" data-e-type=\"container\">\n\t\t\t\t<div class=\"elementor-element elementor-element-b9459b7 elementor-widget elementor-widget-heading\" data-id=\"b9459b7\" data-element_type=\"widget\" data-e-type=\"widget\" data-widget_type=\"heading.default\">\n\t\t\t\t<div class=\"elementor-widget-container\">\n\t\t\t\t\t<h6 class=\"elementor-heading-title elementor-size-default\">Lub zadzwo\u0144:<\/h6>\t\t\t\t<\/div>\n\t\t\t\t<\/div>\n\t\t\t\t<div class=\"elementor-element elementor-element-ccc3aeb elementor-widget elementor-widget-heading\" data-id=\"ccc3aeb\" data-element_type=\"widget\" data-e-type=\"widget\" data-widget_type=\"heading.default\">\n\t\t\t\t<div class=\"elementor-widget-container\">\n\t\t\t\t\t<h3 class=\"elementor-heading-title elementor-size-default\">+48 455 526 897<\/h3>\t\t\t\t<\/div>\n\t\t\t\t<\/div>\n\t\t\t\t<\/div>\n\t\t\t\t\t<\/div>\n\t\t\t\t<\/div>\n\t\t\t\t<\/div>\n\t\t\t\t\t<\/div>\n\t\t\t\t<\/div>\n\t\t\t\t<\/div>","protected":false},"excerpt":{"rendered":"<p>ABOUT VANTAGE CLASSICS OPERATIONAL PHILOSOPHY The global automotive market is saturated with degrading assets. In Europe and North America, salt, humidity, and deferred maintenance erode value faster than inflation. The &#8220;classic&#8221; car market is largely a graveyard of concealed corrosion and manipulated history. We identified a single anomaly: Japan. It is a preservation vault. Due [&hellip;]<\/p>\n","protected":false},"author":1,"featured_media":0,"parent":0,"menu_order":0,"comment_status":"closed","ping_status":"closed","template":"","meta":{"_uag_custom_page_level_css":"","site-sidebar-layout":"no-sidebar","site-content-layout":"page-builder","ast-site-content-layout":"default","site-content-style":"default","site-sidebar-style":"default","ast-global-header-display":"","ast-banner-title-visibility":"","ast-main-header-display":"","ast-hfb-above-header-display":"","ast-hfb-below-header-display":"","ast-hfb-mobile-header-display":"","site-post-title":"disabled","ast-breadcrumbs-content":"disabled","ast-featured-img":"disabled","footer-sml-layout":"","ast-disable-related-posts":"","theme-transparent-header-meta":"enabled","adv-header-id-meta":"","stick-header-meta":"","header-above-stick-meta":"","header-main-stick-meta":"","header-below-stick-meta":"","astra-migrate-meta-layouts":"default","ast-page-background-enabled":"default","ast-page-background-meta":{"desktop":{"background-color":"","background-image":"","background-repeat":"repeat","background-position":"center center","background-size":"auto","background-attachment":"scroll","background-type":"","background-media":"","overlay-type":"","overlay-color":"","overlay-opacity":"","overlay-gradient":""},"tablet":{"background-color":"","background-image":"","background-repeat":"repeat","background-position":"center center","background-size":"auto","background-attachment":"scroll","background-type":"","background-media":"","overlay-type":"","overlay-color":"","overlay-opacity":"","overlay-gradient":""},"mobile":{"background-color":"","background-image":"","background-repeat":"repeat","background-position":"center center","background-size":"auto","background-attachment":"scroll","background-type":"","background-media":"","overlay-type":"","overlay-color":"","overlay-opacity":"","overlay-gradient":""}},"ast-content-background-meta":{"desktop":{"background-color":"var(--ast-global-color-5)","background-image":"","background-repeat":"repeat","background-position":"center center","background-size":"auto","background-attachment":"scroll","background-type":"","background-media":"","overlay-type":"","overlay-color":"","overlay-opacity":"","overlay-gradient":""},"tablet":{"background-color":"var(--ast-global-color-5)","background-image":"","background-repeat":"repeat","background-position":"center center","background-size":"auto","background-attachment":"scroll","background-type":"","background-media":"","overlay-type":"","overlay-color":"","overlay-opacity":"","overlay-gradient":""},"mobile":{"background-color":"var(--ast-global-color-5)","background-image":"","background-repeat":"repeat","background-position":"center center","background-size":"auto","background-attachment":"scroll","background-type":"","background-media":"","overlay-type":"","overlay-color":"","overlay-opacity":"","overlay-gradient":""}},"footnotes":""},"class_list":["post-574","page","type-page","status-publish","hentry"],"uagb_featured_image_src":{"full":false,"thumbnail":false,"medium":false,"medium_large":false,"large":false,"1536x1536":false,"2048x2048":false,"trp-custom-language-flag":false},"uagb_author_info":{"display_name":"admin3623","author_link":"https:\/\/vantageclassics.com\/pl\/author\/admin3623\/"},"uagb_comment_info":0,"uagb_excerpt":"ABOUT VANTAGE CLASSICS OPERATIONAL PHILOSOPHY The global automotive market is saturated with degrading assets. In Europe and North America, salt, humidity, and deferred maintenance erode value faster than inflation. The &#8220;classic&#8221; car market is largely a graveyard of concealed corrosion and manipulated history. We identified a single anomaly: Japan. It is a preservation vault. Due&hellip;","_links":{"self":[{"href":"https:\/\/vantageclassics.com\/pl\/wp-json\/wp\/v2\/pages\/574","targetHints":{"allow":["GET"]}}],"collection":[{"href":"https:\/\/vantageclassics.com\/pl\/wp-json\/wp\/v2\/pages"}],"about":[{"href":"https:\/\/vantageclassics.com\/pl\/wp-json\/wp\/v2\/types\/page"}],"author":[{"embeddable":true,"href":"https:\/\/vantageclassics.com\/pl\/wp-json\/wp\/v2\/users\/1"}],"replies":[{"embeddable":true,"href":"https:\/\/vantageclassics.com\/pl\/wp-json\/wp\/v2\/comments?post=574"}],"version-history":[{"count":15,"href":"https:\/\/vantageclassics.com\/pl\/wp-json\/wp\/v2\/pages\/574\/revisions"}],"predecessor-version":[{"id":1195,"href":"https:\/\/vantageclassics.com\/pl\/wp-json\/wp\/v2\/pages\/574\/revisions\/1195"}],"wp:attachment":[{"href":"https:\/\/vantageclassics.com\/pl\/wp-json\/wp\/v2\/media?parent=574"}],"curies":[{"name":"wp","href":"https:\/\/api.w.org\/{rel}","templated":true}]}}